{"id":10,"date":"2013-04-12T14:07:48","date_gmt":"2013-04-12T14:07:48","guid":{"rendered":"http:\/\/www.beta2.camppilgrim.ca\/?page_id=10"},"modified":"2023-02-20T16:14:27","modified_gmt":"2023-02-20T16:14:27","slug":"facilities","status":"publish","type":"page","link":"https:\/\/www.camppilgrim.ca\/en\/facilities\/","title":{"rendered":"Facilities"},"content":{"rendered":"<h3>Carleton University provides a setting and facilities equal to or better than any in North America. The campus is bordered on one side by the historic Rideau Canal and on the other side by the Rideau River, offering a safe and beautiful surrounding for our students.<\/h3>\n<div class=\"shortcode1-2 \"><ul>\n<li>Modern air-conditioned classrooms<\/li>\n<li>Fully supervised residences by Program Staff<\/li>\n<li>Two students per residence room complete with individual single beds, individual desks, and closet space<\/li>\n<li>Modern washrooms<\/li>\n<li>Lounge areas with colour TV on every residence floor<\/li>\n<li>Room cleaning and linen change once a week<\/li>\n<li>Medical clinic on campus<\/li>\n<li>All you can eat Buffet Style Cafeteria Service with three complete meals per day seven days a week<\/li>\n<\/ul>\n<\/div>\n<div class=\"shortcode1-2 \"><ul>\n<li>Direct access to city buses (10 minutes from downtown)<\/li>\n<li>In-residence laundry facilities<\/li>\n<li>Olympic size indoor pool with the most up-to-date diving facility<\/li>\n<li>Gymnasium<\/li>\n<li>Sports fields<\/li>\n<li>Tennis courts<\/li>\n<li>24 hour per day campus security<\/li>\n<\/ul>\n<\/div>\n","protected":false},"excerpt":{"rendered":"<p>Carleton University provides a setting and facilities equal to or better than any in North America. The campus is bordered on one side by the historic Rideau Canal and on the other side by the Rideau River, offering a safe and beautiful surrounding for our students.<\/p>\n","protected":false},"author":1,"featured_media":0,"parent":0,"menu_order":0,"comment_status":"closed","ping_status":"closed","template":"","meta":[],"acf":[],"yoast_head":"<!-- This site is optimized with the Yoast SEO plugin v20.0 - https:\/\/yoast.com\/wordpress\/plugins\/seo\/ -->\n<title>D\u00e9couvrez les installations du Camp Pilgrim | Camp Pilgrim<\/title>\n<meta name=\"description\" content=\"D\u00e9couvrez les installations de qualit\u00e9 sup\u00e9rieure disponibles au Camp Pilgrim. Des salles de classe modernes et des terrains de sport. En savoir plus!\" \/>\n<meta name=\"robots\" content=\"index, follow, max-snippet:-1, max-image-preview:large, max-video-preview:-1\" \/>\n<link rel=\"canonical\" href=\"https:\/\/www.camppilgrim.ca\/en\/facilities\/\" \/>\n<meta property=\"og:locale\" content=\"en_US\" \/>\n<meta property=\"og:type\" content=\"article\" \/>\n<meta property=\"og:title\" content=\"D\u00e9couvrez les installations du Camp Pilgrim | Camp Pilgrim\" \/>\n<meta property=\"og:description\" content=\"D\u00e9couvrez les installations de qualit\u00e9 sup\u00e9rieure disponibles au Camp Pilgrim. Des salles de classe modernes et des terrains de sport. En savoir plus!\" \/>\n<meta property=\"og:url\" content=\"https:\/\/www.camppilgrim.ca\/en\/facilities\/\" \/>\n<meta property=\"og:site_name\" content=\"Camp Pilgrim - Programme Linguistique International\" \/>\n<meta property=\"article:modified_time\" content=\"2023-02-20T16:14:27+00:00\" \/>\n<meta name=\"twitter:label1\" content=\"Est. reading time\" \/>\n\t<meta name=\"twitter:data1\" content=\"1 minute\" \/>\n<!-- \/ Yoast SEO plugin. -->","yoast_head_json":{"title":"D\u00e9couvrez les installations du Camp Pilgrim | Camp Pilgrim","description":"D\u00e9couvrez les installations de qualit\u00e9 sup\u00e9rieure disponibles au Camp Pilgrim. Des salles de classe modernes et des terrains de sport. En savoir plus!","robots":{"index":"index","follow":"follow","max-snippet":"max-snippet:-1","max-image-preview":"max-image-preview:large","max-video-preview":"max-video-preview:-1"},"canonical":"https:\/\/www.camppilgrim.ca\/en\/facilities\/","og_locale":"en_US","og_type":"article","og_title":"D\u00e9couvrez les installations du Camp Pilgrim | Camp Pilgrim","og_description":"D\u00e9couvrez les installations de qualit\u00e9 sup\u00e9rieure disponibles au Camp Pilgrim. Des salles de classe modernes et des terrains de sport. En savoir plus!","og_url":"https:\/\/www.camppilgrim.ca\/en\/facilities\/","og_site_name":"Camp Pilgrim - Programme Linguistique International","article_modified_time":"2023-02-20T16:14:27+00:00","twitter_misc":{"Est. reading time":"1 minute"},"schema":{"@context":"https:\/\/schema.org","@graph":[{"@type":"WebPage","@id":"https:\/\/www.camppilgrim.ca\/en\/facilities\/","url":"https:\/\/www.camppilgrim.ca\/en\/facilities\/","name":"D\u00e9couvrez les installations du Camp Pilgrim | Camp Pilgrim","isPartOf":{"@id":"https:\/\/www.camppilgrim.ca\/#website"},"datePublished":"2013-04-12T14:07:48+00:00","dateModified":"2023-02-20T16:14:27+00:00","description":"D\u00e9couvrez les installations de qualit\u00e9 sup\u00e9rieure disponibles au Camp Pilgrim. Des salles de classe modernes et des terrains de sport. En savoir plus!","breadcrumb":{"@id":"https:\/\/www.camppilgrim.ca\/en\/facilities\/#breadcrumb"},"inLanguage":"en-US","potentialAction":[{"@type":"ReadAction","target":["https:\/\/www.camppilgrim.ca\/en\/facilities\/"]}]},{"@type":"BreadcrumbList","@id":"https:\/\/www.camppilgrim.ca\/en\/facilities\/#breadcrumb","itemListElement":[{"@type":"ListItem","position":1,"name":"Home","item":"https:\/\/www.camppilgrim.ca\/en\/"},{"@type":"ListItem","position":2,"name":"Facilities"}]},{"@type":"WebSite","@id":"https:\/\/www.camppilgrim.ca\/#website","url":"https:\/\/www.camppilgrim.ca\/","name":"Camp Pilgrim","description":"Programme Linguistique International","publisher":{"@id":"https:\/\/www.camppilgrim.ca\/#organization"},"potentialAction":[{"@type":"SearchAction","target":{"@type":"EntryPoint","urlTemplate":"https:\/\/www.camppilgrim.ca\/?s={search_term_string}"},"query-input":"required name=search_term_string"}],"inLanguage":"en-US"},{"@type":"Organization","@id":"https:\/\/www.camppilgrim.ca\/#organization","name":"Camp Pilgrim","url":"https:\/\/www.camppilgrim.ca\/","logo":{"@type":"ImageObject","inLanguage":"en-US","@id":"https:\/\/www.camppilgrim.ca\/#\/schema\/logo\/image\/","url":"https:\/\/www.camppilgrim.ca\/wp-content\/uploads\/2024\/05\/Screen-Shot-2024-05-04-at-14.12.19.png","contentUrl":"https:\/\/www.camppilgrim.ca\/wp-content\/uploads\/2024\/05\/Screen-Shot-2024-05-04-at-14.12.19.png","width":1084,"height":1082,"caption":"Camp Pilgrim"},"image":{"@id":"https:\/\/www.camppilgrim.ca\/#\/schema\/logo\/image\/"}}]}},"_links":{"self":[{"href":"https:\/\/www.camppilgrim.ca\/en\/wp-json\/wp\/v2\/pages\/10"}],"collection":[{"href":"https:\/\/www.camppilgrim.ca\/en\/wp-json\/wp\/v2\/pages"}],"about":[{"href":"https:\/\/www.camppilgrim.ca\/en\/wp-json\/wp\/v2\/types\/page"}],"author":[{"embeddable":true,"href":"https:\/\/www.camppilgrim.ca\/en\/wp-json\/wp\/v2\/users\/1"}],"replies":[{"embeddable":true,"href":"https:\/\/www.camppilgrim.ca\/en\/wp-json\/wp\/v2\/comments?post=10"}],"version-history":[{"count":5,"href":"https:\/\/www.camppilgrim.ca\/en\/wp-json\/wp\/v2\/pages\/10\/revisions"}],"predecessor-version":[{"id":1219,"href":"https:\/\/www.camppilgrim.ca\/en\/wp-json\/wp\/v2\/pages\/10\/revisions\/1219"}],"wp:attachment":[{"href":"https:\/\/www.camppilgrim.ca\/en\/wp-json\/wp\/v2\/media?parent=10"}],"curies":[{"name":"wp","href":"https:\/\/api.w.org\/{rel}","templated":true}]}}